{"id":1590,"date":"2018-03-06T08:05:26","date_gmt":"2018-03-06T08:05:26","guid":{"rendered":"https:\/\/bct.cat\/?page_id=1590"},"modified":"2018-03-06T08:05:26","modified_gmt":"2018-03-06T08:05:26","slug":"politica-de-calidad","status":"publish","type":"page","link":"https:\/\/bct.cat\/ca\/politica-de-calidad\/","title":{"rendered":"Politica de Qualitat"},"content":{"rendered":"<table class=\"contentpaneopen\">\n<tbody>\n<tr>\n<td class=\"contentheading\" width=\"100%\">\n<h1>Politica de Qualitat<\/h1>\n<\/td>\n<\/tr>\n<\/tbody>\n<\/table>\n<table class=\"contentpaneopen\">\n<tbody>\n<tr>\n<td valign=\"top\">Penta MSI, SA \u00e9s un prove\u00efdor integral de serveis al sector inform\u00e0tic i de comunicacions. L&#039;orientaci\u00f3 al client i un comprom\u00eds ferm amb la qualitat de servei les bases del nostre sistema integrat de gesti\u00f3 que garanteix un servei de qualitat i respectu\u00f3s amb el Medi Ambient.<\/p>\n<p><strong>Certificat ISO<\/strong><\/p>\n<p><img decoding=\"async\" src=\"http:\/\/www.pentamsi.com\/images\/isos_480.jpg\" alt=\"\" width=\"172\" height=\"74\" border=\"0\" \/><br \/>\n<strong>Penta MSI \u00e9s una empresa Certificada al Sistema Integrat de Gesti\u00f3 basat en ISO 9001:2000 i ISO 14001:2004<\/strong><em><\/p>\n<p><\/em><br \/>\n<strong>Segell IQ<\/strong><\/p>\n<p><img decoding=\"async\" src=\"http:\/\/www.pentamsi.com\/images\/selloiq_480.jpg\" alt=\"\" width=\"63\" height=\"49\" border=\"0\" \/><br \/>\nPenta MSI, SA disposa del segell IQ, atorgat per la\u00a0<strong>Ag\u00e8ncia de Qualitat d&#039;Internet<\/strong>, com a reconeixement de garantia de qualitat en els seus serveis. La Junta Consultiva de Contractaci\u00f3 Administrativa de la\u00a0<strong>Generalitat de Catalunya<\/strong>\u00a0va atorgar a Penta MSI la classificaci\u00f3 P1C i V2A que acrediten la seva solv\u00e8ncia t\u00e8cnica i econ\u00f2mica.<\/td>\n<\/tr>\n<\/tbody>\n<\/table>","protected":false},"excerpt":{"rendered":"<p>Pol\u00edtica de Calidad Penta MSI, S.A. es un proveedor integral de servicios en el sector inform\u00e1tico y de comunicaciones. La orientaci\u00f3n al cliente y un firme compromiso con la calidad de servicio las bases de nuestro sistema integrado de gesti\u00f3n que garantiza un servicio de calidad y respetuoso con el Medio Ambiente. Certificado ISO Penta  [&#8230;]<\/p>\n","protected":false},"author":1,"featured_media":0,"parent":0,"menu_order":0,"comment_status":"closed","ping_status":"closed","template":"","meta":{"_joinchat":[],"footnotes":""},"class_list":["post-1590","page","type-page","status-publish","hentry"],"_links":{"self":[{"href":"https:\/\/bct.cat\/ca\/wp-json\/wp\/v2\/pages\/1590","targetHints":{"allow":["GET"]}}],"collection":[{"href":"https:\/\/bct.cat\/ca\/wp-json\/wp\/v2\/pages"}],"about":[{"href":"https:\/\/bct.cat\/ca\/wp-json\/wp\/v2\/types\/page"}],"author":[{"embeddable":true,"href":"https:\/\/bct.cat\/ca\/wp-json\/wp\/v2\/users\/1"}],"replies":[{"embeddable":true,"href":"https:\/\/bct.cat\/ca\/wp-json\/wp\/v2\/comments?post=1590"}],"version-history":[{"count":1,"href":"https:\/\/bct.cat\/ca\/wp-json\/wp\/v2\/pages\/1590\/revisions"}],"predecessor-version":[{"id":1591,"href":"https:\/\/bct.cat\/ca\/wp-json\/wp\/v2\/pages\/1590\/revisions\/1591"}],"wp:attachment":[{"href":"https:\/\/bct.cat\/ca\/wp-json\/wp\/v2\/media?parent=1590"}],"curies":[{"name":"wp","href":"https:\/\/api.w.org\/{rel}","templated":true}]}}