{"id":1882,"date":"2021-02-22T17:50:42","date_gmt":"2021-02-22T17:50:42","guid":{"rendered":"https:\/\/bct.cat\/politica-de-cookies\/"},"modified":"2024-04-18T15:24:34","modified_gmt":"2024-04-18T15:24:34","slug":"politica-de-cookies","status":"publish","type":"page","link":"https:\/\/bct.cat\/ca\/politica-de-cookies\/","title":{"rendered":"Pol\u00edtica de Cookies"},"content":{"rendered":"<h2>Qu\u00e8 s\u00f3n les galetes?<\/h2>\n\n<p>\n\tEn angl\u00e8s, el terme &quot;cookie&quot; significa galeta, per\u00f2 en l&#039;\u00e0mbit de la navegaci\u00f3 web, una &quot;cookie&quot; \u00e9s una cosa completament diferent. Quan accediu al nostre Lloc Web, al navegador del dispositiu s&#039;emmagatzema una petita quantitat de text que s&#039;anomena &quot;cookie&quot;. Aquest text cont\u00e9 informaci\u00f3 variada sobre la vostra navegaci\u00f3, h\u00e0bits, prefer\u00e8ncies, personalitzacions de continguts, etc...\n<\/p>\n\n<p>\n\tHi ha altres tecnologies que funcionen de manera similar i que tamb\u00e9 es fan servir per recopilar dades sobre la teva activitat de navegaci\u00f3. Anomenarem \u201ccookies\u201d a totes aquestes tecnologies en el seu conjunt.\n<\/p>\n\n<p>\n\tEls usos concrets que fem d&#039;aquestes tecnologies es descriuen al present document.\n<\/p>\n\n<h2>Per qu\u00e8 s&#039;utilitzen les galetes en aquesta web?<\/h2>\n\n<p>\n\tLes galetes s\u00f3n una part essencial de com funciona el Lloc Web. L&#039;objectiu principal de les nostres galetes \u00e9s millorar la seva experi\u00e8ncia en la navegaci\u00f3. Per exemple, per recordar les vostres prefer\u00e8ncies (idioma, pa\u00eds, etc.) durant la navegaci\u00f3 i en futures visites. La informaci\u00f3 recollida a les cookies ens permet a m\u00e9s millorar la web, adaptar-la als seus interessos com a usuari, accelerar les cerques que realitzi, etc.\n<\/p>\n\n<p>\n\tEn determinats casos, si hem obtingut el previ consentiment informat, podrem utilitzar cookies per a altres usos, com per exemple per obtenir informaci\u00f3 que ens permeti mostrar publicitat basada en l&#039;an\u00e0lisi dels seus h\u00e0bits de navegaci\u00f3.\n<\/p>\n\n<h2>Per qu\u00e8 NO s&#039;utilitzen les galetes en aquesta web?<\/h2>\n\n<p>\n\tA les cookies que utilitzem no s&#039;emmagatzema informaci\u00f3 sensible d&#039;identificaci\u00f3 personal com el nom, l&#039;adre\u00e7a, la contrasenya, etc...\n<\/p>\n\n<h2>Qui utilitza la informaci\u00f3 emmagatzemada a les galetes?<\/h2>\n\n<p>\n\tLa informaci\u00f3 emmagatzemada a les cookies del nostre Lloc Web \u00e9s utilitzada exclusivament per nosaltres, a excepci\u00f3 d&#039;aquelles identificades m\u00e9s endavant com a &quot;cookie de tercers&quot;, que s\u00f3n utilitzades i gestionades per entitats externes que ens proporcionen serveis que milloren l&#039;experi\u00e8ncia de l&#039;usuari. Per exemple les estad\u00edstiques que es recullen sobre el nombre de visites, el contingut que m\u00e9s agrada, etc... \n<\/p>\n\n\n\n<h2>Com podeu evitar l&#039;\u00fas de galetes en aquest Lloc Web?<\/h2>\n\n<p>\n\tSi preferiu evitar l&#039;\u00fas de les galetes, podeu REBUIXAR-ne l&#039;\u00fas o podeu CONFIGURA&#039;N les que voleu evitar i les que permeteu utilitzar (en aquest document us donem informaci\u00f3 ampliada al respecte de cada tipus de galeta, la finalitat, destinatari, temporalitat, etc.). .. ).\n<\/p>\n\n<p>\n\tSi les heu acceptat, no tornarem a preguntar-vos a menys que esborreu les galetes al dispositiu segons s&#039;indica a l&#039;apartat seg\u00fcent. Si voleu revocar el consentiment haur\u00e0 d&#039;eliminar les cookies i tornar a configurar-les.\n<\/p>\n\n\n<h2>Com deshabilito i elimini la utilitzaci\u00f3 de cookies?<\/h2>\n\n\n\n<p>\n\tPer restringir, bloquejar o esborrar les galetes d&#039;aquest Lloc Web (i les utilitzades per tercers) ho podeu fer, en qualsevol moment, modificant la configuraci\u00f3 del vostre navegador. Tingueu en compte que aquesta configuraci\u00f3 \u00e9s diferent a cada navegador.\n<\/p>\n\n<p> \n  Als seg\u00fcents enlla\u00e7os trobareu instruccions per habilitar o deshabilitar les cookies en els navegadors m\u00e9s comuns.\n<\/p>\n\n<p>\n  <ul>\n    <li><a rel=\"nofollow\" target=\"_blank\" href=\"http:\/\/support.mozilla.org\/es\/kb\/habilitar-y-deshabilitar-cookies-que-los-sitios-we\">Firefox<\/a><\/li>\n    <li><a target=\"_blank\" rel=\"noopener noreferrer nofollow\" href=\"https:\/\/support.google.com\/chrome\/answer\/95647?hl=es\">Google Chrome<\/a><\/li>\n    <li><a target=\"_blank\" rel=\"noopener noreferrer nofollow\" href='https:\/\/support.microsoft.com\/es-es\/help\/17442\/windows-internet-explorer-delete-manage-cookies#ie=\"ie-10'>Internet Explorer<\/a><\/li>\n    <li><a target=\"_blank\" rel=\"noopener noreferrer nofollow\" href='https:\/\/support.microsoft.com\/es-es\/help\/4468242\/microsoft-edge-browsing-data-and-privacy'>Microsoft Edge<\/a><\/li>\n    <li><a rel=\"nofollow\" target=\"_blank\" href=\"http:\/\/support.apple.com\/kb\/HT1677?viewlocale=es_ES\">Safari<\/a><\/li>\n  <\/ul>\n<\/p>\n\n\n<h2>Quins tipus de galetes s&#039;utilitzen en aquesta p\u00e0gina web?<\/h2>\n\n<p>\n\tCada p\u00e0gina web utilitza les seves pr\u00f2pies galetes. A la nostra web utilitzem les que s&#039;indiquen a continuaci\u00f3:\n<\/p>\n\n<p>\n\t<b>SEGONS L&#039;ENTITAT QUE HO GESTIONA<\/b>\n<\/p>\n\n<p>\n\t<b>Cookies pr\u00f2pies:<\/b>\n<\/p>\n\n<p>\n\tS\u00f3n aquelles que s&#039;envien a l&#039;equip terminal de l&#039;usuari des d&#039;un equip o domini gestionat pel mateix editor i des del qual es presta el servei sol\u00b7licitat per l&#039;usuari.\n<\/p>\n\n<p>\n\t<b>Cookies de tercers:<\/b>\n<\/p>\n\n<p>\n\tS\u00f3n aquelles que s&#039;envien a l&#039;equip terminal de l&#039;Usuari des d&#039;un equip o domini que no \u00e9s gestionat per l&#039;editor, sin\u00f3 per una altra entitat que tracta les dades obtingudes a trav\u00e9s de les galetes.\n<\/p>\n\n<p>\n\tEn el cas que les cookies siguin servides des d&#039;un equip o domini gestionat pel mateix editor, per\u00f2 la informaci\u00f3 que es reculli mitjan\u00e7ant aquestes sigui gestionada per un tercer, no poden ser considerades com a cookies pr\u00f2pies si el tercer les utilitza per a les seves pr\u00f2pies finalitats (per exemple, la millora dels serveis que presta o la prestaci\u00f3 de serveis de car\u00e0cter publicitari a favor daltres entitats).\n<\/p>\n\n<p>\n\t<b>SEGONS LA SEVA FINALITAT<\/b>\n<\/p>\n\n<p>\n\t<b>Galetes t\u00e8cniques:<\/b>\n<\/p>\n\n<p>\n\tS\u00f3n aquelles necess\u00e0ries per a la navegaci\u00f3 i el bon funcionament del nostre Lloc Web, com ara controlar el tr\u00e0nsit i la comunicaci\u00f3 de dades, identificar la sessi\u00f3, accedir a parts d&#039;acc\u00e9s restringit, realitzar la sol\u00b7licitud d&#039;inscripci\u00f3 o participaci\u00f3 en un esdeveniment, comptar visites a efectes de la facturaci\u00f3 de llic\u00e8ncies del programari amb qu\u00e8 funciona el servei del Lloc Web, utilitzar elements de seguretat durant la navegaci\u00f3, emmagatzemar continguts per a la difusi\u00f3 de v\u00eddeos o so, habilitar continguts din\u00e0mics (per exemple, animaci\u00f3 de c\u00e0rrega de text o imatge).\n<\/p>\n\n<p>\n\t<b>Galetes d&#039;an\u00e0lisi:<\/b>\n<\/p>\n\n<p>\n\tPermeten quantificar el nombre d&#039;usuaris i aix\u00ed realitzar el mesurament i l&#039;an\u00e0lisi estad\u00edstica de la utilitzaci\u00f3 que fan els usuaris del Lloc Web. \n<\/p>\n\n<p>\n\t<b>Cookies de prefer\u00e8ncies o personalitzaci\u00f3:<\/b>\n<\/p>\n\n<p>\n\tS\u00f3n aquelles que permeten recordar informaci\u00f3 perqu\u00e8 l&#039;Usuari accedeixi al servei amb determinades caracter\u00edstiques que poden diferenciar la seva experi\u00e8ncia de la d&#039;altres usuaris, com ara l&#039;idioma, el nombre de resultats a mostrar quan l&#039;Usuari fa una cerca, l&#039;aspecte o contingut del servei en funci\u00f3 del tipus de navegador a trav\u00e9s del qual l&#039;usuari accedeix al servei o de la regi\u00f3 des de la qual accedeix al servei, etc.\n<\/p>\n\n\n\n<p>\n\t<b>SEGONS EL TERMINI DE TEMPS QUE ROMANDEN ACTIVADES<\/b>\n<\/p>\n\n<p>\n\t<b>Cookies de sessi\u00f3:<\/b>\n<\/p>\n\n<p>\n\tS\u00f3n aquelles dissenyades per demanar i emmagatzemar dades mentre l&#039;Usuari accedeix a una p\u00e0gina web.\n<\/p>\n\n<p>\n\tSe solen emprar per emmagatzemar informaci\u00f3 que nom\u00e9s interessa conservar per a la prestaci\u00f3 del servei sol\u00b7licitat per l&#039;Usuari en una sola ocasi\u00f3 (per exemple, una llista de productes adquirits) i desapareixen en acabar la sessi\u00f3.\n<\/p>\n\n<p>\n\t<b>Cookies persistents:<\/b>\n<\/p>\n\n<p>\n\tS\u00f3n aquelles en qu\u00e8 les dades segueixen emmagatzemades al terminal i poden ser accedides i tractades durant un per\u00edode definit pel responsable de la galeta, i que pot anar d&#039;uns minuts a diversos anys. Pel que fa a aix\u00f2, s&#039;ha de valorar espec\u00edficament si \u00e9s necess\u00e0ria la utilitzaci\u00f3 de cookies persistents, ja que els riscos per a la privadesa podrien reduir-se mitjan\u00e7ant la utilitzaci\u00f3 de cookies de sessi\u00f3. En tot cas, quan s&#039;instal\u00b7lin galetes persistents, es recomana reduir al m\u00ednim necessari la seva durada temporal atenent a la finalitat del seu \u00fas. A aquests efectes, el Dictamen 4\/2012 del GT29 va indicar que perqu\u00e8 una galeta pugui estar exempta del deure de consentiment informat, la seva caducitat ha d&#039;estar relacionada amb la finalitat. A causa d&#039;aix\u00f2, \u00e9s molt m\u00e9s probable que es considerin exceptuades les galetes de sessi\u00f3 que les persistents.\n<\/p>\n\n\n<p>\n\t<b>Detall de cookies utilitzades en aquesta web:<\/b>\n<\/p>\n\n<div>\n  <ul><br \/>\r\n \t<li><strong>_ga<\/strong><br \/>\r\nID used to identify users<br \/>\r\nCategoria: Analytics.<br \/>\r\nDurada: 2 years.<br \/>\r\nPol\u00edtica de privadesa: <a href=\"https:\/\/privacy.google.com\/take-control.html\">https:\/\/privacy.google.com\/take-control.html<\/a><\/li><br \/>\r\n \t<li><strong>_ga_G3EKCFCEQ4<\/strong><\/li><br \/>\r\n \t<li><strong>_ga_GM5BXKRCR1<\/strong><\/li><br \/>\r\n \t<li><strong>_gid<\/strong><br \/>\r\nID amb identify users for 24 hours after last activity<br \/>\r\nCategoria: Analytics.<br \/>\r\nDurada: 24 hours.<br \/>\r\nPol\u00edtica de privadesa: <a href=\"https:\/\/privacy.google.com\/take-control.html\">https:\/\/privacy.google.com\/take-control.html<\/a><\/li><br \/>\r\n \t<li><strong>hasConsent<\/strong><\/li><br \/>\r\n \t<li><strong>hasConsents<\/strong><\/li><br \/>\r\n \t<li><strong>wordpress_test_cookie<\/strong><br \/>\r\nCookie set per WordPress per a la check if the cookies s\u00f3n enabled on the browser to provide appropriate user experience to the users<br \/>\r\nCategoria: Functional.<br \/>\r\nDurada: session.<br \/>\r\nPol\u00edtica de privadesa: <a href=\"\/ca\/N\/A\/\">N\/A<\/a><\/li><br \/>\r\n<\/ul>\n<\/div>","protected":false},"excerpt":{"rendered":"","protected":false},"author":1,"featured_media":0,"parent":0,"menu_order":0,"comment_status":"closed","ping_status":"closed","template":"","meta":{"_joinchat":[],"footnotes":""},"class_list":["post-1882","page","type-page","status-publish","hentry"],"_links":{"self":[{"href":"https:\/\/bct.cat\/ca\/wp-json\/wp\/v2\/pages\/1882","targetHints":{"allow":["GET"]}}],"collection":[{"href":"https:\/\/bct.cat\/ca\/wp-json\/wp\/v2\/pages"}],"about":[{"href":"https:\/\/bct.cat\/ca\/wp-json\/wp\/v2\/types\/page"}],"author":[{"embeddable":true,"href":"https:\/\/bct.cat\/ca\/wp-json\/wp\/v2\/users\/1"}],"replies":[{"embeddable":true,"href":"https:\/\/bct.cat\/ca\/wp-json\/wp\/v2\/comments?post=1882"}],"version-history":[{"count":3,"href":"https:\/\/bct.cat\/ca\/wp-json\/wp\/v2\/pages\/1882\/revisions"}],"predecessor-version":[{"id":2340,"href":"https:\/\/bct.cat\/ca\/wp-json\/wp\/v2\/pages\/1882\/revisions\/2340"}],"wp:attachment":[{"href":"https:\/\/bct.cat\/ca\/wp-json\/wp\/v2\/media?parent=1882"}],"curies":[{"name":"wp","href":"https:\/\/api.w.org\/{rel}","templated":true}]}}