{"id":2343,"date":"2024-04-18T15:30:40","date_gmt":"2024-04-18T15:30:40","guid":{"rendered":"https:\/\/bct.cat\/politica-de-privacidad\/"},"modified":"2024-04-18T15:38:09","modified_gmt":"2024-04-18T15:38:09","slug":"politica-de-privacidad","status":"publish","type":"page","link":"https:\/\/bct.cat\/ca\/politica-de-privacidad\/","title":{"rendered":"Pol\u00edtica de Privacitat"},"content":{"rendered":"<div class=\"fusion-fullwidth fullwidth-box fusion-builder-row-1 fusion-flex-container has-pattern-background has-mask-background nonhundred-percent-fullwidth non-hundred-percent-height-scrolling\" style=\"--awb-border-radius-top-left:0px;--awb-border-radius-top-right:0px;--awb-border-radius-bottom-right:0px;--awb-border-radius-bottom-left:0px;--awb-flex-wrap:wrap;\" ><div class=\"fusion-builder-row fusion-row fusion-flex-align-items-flex-start fusion-flex-content-wrap\" style=\"max-width:1216.8px;margin-left: calc(-4% \/ 2 );margin-right: calc(-4% \/ 2 );\"><div class=\"fusion-layout-column fusion_builder_column fusion-builder-column-0 fusion_builder_column_1_1 1_1 fusion-flex-column\" style=\"--awb-bg-size:cover;--awb-width-large:100%;--awb-margin-top-large:0px;--awb-spacing-right-large:1.92%;--awb-margin-bottom-large:20px;--awb-spacing-left-large:1.92%;--awb-width-medium:100%;--awb-order-medium:0;--awb-spacing-right-medium:1.92%;--awb-spacing-left-medium:1.92%;--awb-width-small:100%;--awb-order-small:0;--awb-spacing-right-small:1.92%;--awb-spacing-left-small:1.92%;\"><div class=\"fusion-column-wrapper fusion-column-has-shadow fusion-flex-justify-content-flex-start fusion-content-layout-column\"><div class=\"fusion-text fusion-text-1\"><h2 class=\"fusion-responsive-typography-calculated\" data-fontsize=\"24\" data-lineheight=\"36px\"><strong>POL\u00cdTICA DE PRIVACITAT<\/strong><\/h2>\n<p>D&#039;acord amb la normativa vigent\u00a0<strong>PENTA MSI, SA<\/strong>\u00a0est\u00e0 adaptada al Reglament General de Protecci\u00f3 de Dades, comprometent-se al compliment de la seva obligaci\u00f3 de secret de les dades de car\u00e0cter personal i assumint a aquests efectes, les mesures d&#039;\u00edndole t\u00e8cnica, organitzativa i de seguretat necess\u00e0ries per evitar la seva alteraci\u00f3, p\u00e8rdua, tractament o acc\u00e9s no autoritzat. Per a m\u00e9s transpar\u00e8ncia us facilitem la seg\u00fcent informaci\u00f3.<\/p>\n<h2 class=\"fusion-responsive-typography-calculated\" data-fontsize=\"24\" data-lineheight=\"36px\"><strong>Informaci\u00f3 b\u00e0sica sobre Protecci\u00f3 de Dades<\/strong><strong>\u00a0referent al tractament de dades del Formulari de contacte.<\/strong><\/h2>\n<p>Responsable: PENTA MSI, SA<br \/>\nFinalitat: Gesti\u00f3 de consultes i peticions.<br \/>\nLegitimaci\u00f3: Consentiment de l&#039;interessat<br \/>\nDestinataris: No es preveuen comunicacions de dades a tercers, excepte obligaci\u00f3 legal o les estrictament necess\u00e0ries per a la prestaci\u00f3 del servei.<br \/>\nDrets: Accedir, rectificar i suprimir les dades, aix\u00ed com altres drets, com s&#039;explica a la informaci\u00f3 addicional<br \/>\nInformaci\u00f3 addicional: Podeu consultar la informaci\u00f3 addicional i detallada sobre Protecci\u00f3 de a continuaci\u00f3.<\/p>\n<h2 class=\"fusion-responsive-typography-calculated\" data-fontsize=\"24\" data-lineheight=\"36px\"><strong>Informaci\u00f3 detallada sobre Protecci\u00f3 de Dades referent al\u00a0<\/strong><strong>tractament de dades del Formulari de contacte<\/strong><\/h2>\n<h3 class=\"fusion-responsive-typography-calculated\" data-fontsize=\"20\" data-lineheight=\"30px\"><strong>Qui \u00e9s el Responsable del tractament de les vostres dades?<\/strong><\/h3>\n<p>Identitat: PENTA MSI, SA<br \/>\nDir. Postal: Carrer de l&#039;actor Morano 8, \u00c0tic<br \/>\nTel\u00e8fon: (+34) 934 808 015<br \/>\nCorreu electr\u00f2nic: info@bct.cat<br \/>\nDelegat PD: Xavier Romeu i Terradas<br \/>\nHorari de contacte: de 10.00 a 13.00 de dilluns a divendres.<br \/>\nContacte DPD: info@bct.cat<\/p>\n<h3 class=\"fusion-responsive-typography-calculated\" data-fontsize=\"20\" data-lineheight=\"30px\"><strong>Amb quina finalitat tractem les vostres dades personals?<\/strong><\/h3>\n<p>A PENTA MSI, SA tractem la informaci\u00f3 que ens faciliten a trav\u00e9s del mail de contacte per donar resposta a les consultes rebudes, aix\u00ed com per gestionar les peticions que ens facin.<\/p>\n<h3 class=\"fusion-responsive-typography-calculated\" data-fontsize=\"20\" data-lineheight=\"30px\"><strong>Per quant de temps conservarem les vostres dades?<\/strong><\/h3>\n<p>Les dades proporcionades es conservaran mentre l&#039;interessat no sol\u00b7liciti la supressi\u00f3 de la informaci\u00f3.<\/p>\n<h3 class=\"fusion-responsive-typography-calculated\" data-fontsize=\"20\" data-lineheight=\"30px\"><strong>Quina \u00e9s la legitimaci\u00f3 per al tractament de les vostres dades?<\/strong><\/h3>\n<p>La base legal per al tractament de les dades \u00e9s el consentiment de linteressat.<\/p>\n<h3 class=\"fusion-responsive-typography-calculated\" data-fontsize=\"20\" data-lineheight=\"30px\"><strong>A quins destinataris es comunicaran les vostres dades?<\/strong><\/h3>\n<p>PENTA MSI, SA contracta la seva infraestructura virtual segons un model de \u201ccomputaci\u00f3 al n\u00favol\u201d a trav\u00e9s de diferents prove\u00efdors ubicats dins i fora de la UE. Els prove\u00efdors de fora de la UE compleixen amb el framework \u201cEU-US Privacy Shield\u201d i no es preveuen altres comunicacions de dades a tercers, excepte obligaci\u00f3 legal.<\/p>\n<h3 class=\"fusion-responsive-typography-calculated\" data-fontsize=\"20\" data-lineheight=\"30px\"><strong>Quins s\u00f3n els vostres drets quan ens facilita les vostres dades?<\/strong><\/h3>\n<p>Qualsevol persona t\u00e9 dret a obtenir confirmaci\u00f3 sobre si a PENTA MSI, SA, estem tractant dades personals que els concerneixin o no.<\/p>\n<p>Les persones interessades tenen dret a accedir a les seves dades personals, aix\u00ed com a sol\u00b7licitar la rectificaci\u00f3 de les dades inexactes o, si escau, sol\u00b7licitar-ne la supressi\u00f3 quan, entre altres motius, les dades ja no siguin necess\u00e0ries per als fins que van ser recollides.<\/p>\n<p>En determinades circumst\u00e0ncies, els interessats podran sol\u00b7licitar la limitaci\u00f3 del tractament de les seves dades, cas en qu\u00e8 \u00fanicament les conservarem per a l&#039;exercici o la defensa de reclamacions.<\/p>\n<p>En determinades circumst\u00e0ncies i per motius relacionats amb la seva situaci\u00f3 particular, els interessats es poden oposar al tractament de les seves dades. PENTA MSI, SA deixar\u00e0 de tractar les dades, excepte per motius leg\u00edtims imperiosos, per a l&#039;exercici o la defensa de possibles reclamacions.<\/p>\n<p>En virtut del dret a la portabilitat, els interessats tenen dret a obtenir les dades personals que els incumbeixen en un format estructurat d\u00fas com\u00fa i lectura mec\u00e0nica ia transmetre-les a un altre responsable.<\/p>\n<h3 class=\"fusion-responsive-typography-calculated\" data-fontsize=\"20\" data-lineheight=\"30px\"><strong>Com es poden exercir els drets?<\/strong><\/h3>\n<p>Mitjan\u00e7ant un escrit, adjuntant fotoc\u00f2pia del DNI o document identificatiu equivalent, dirigit a: PENTA MSI, SA, carrer de l&#039;actor Morano 8, \u00c0tic, 08017 Barcelona o mitjan\u00e7ant un correu electr\u00f2nic adjuntant el vostre document identificatiu al mail: info@bct. cat<\/p>\n<h3 class=\"fusion-responsive-typography-calculated\" data-fontsize=\"20\" data-lineheight=\"30px\"><strong>Quines vies de reclamaci\u00f3 hi ha?<\/strong><\/h3>\n<p>Si considereu que els vostres drets no s&#039;han at\u00e8s degudament, teniu dret a presentar una reclamaci\u00f3 davant l&#039;Ag\u00e8ncia Espanyola de Protecci\u00f3 de Dades.<\/p>\n<\/div><\/div><\/div><\/div><\/div>","protected":false},"excerpt":{"rendered":"","protected":false},"author":1,"featured_media":0,"parent":0,"menu_order":0,"comment_status":"closed","ping_status":"closed","template":"","meta":{"_joinchat":[],"footnotes":""},"class_list":["post-2343","page","type-page","status-publish","hentry"],"_links":{"self":[{"href":"https:\/\/bct.cat\/ca\/wp-json\/wp\/v2\/pages\/2343","targetHints":{"allow":["GET"]}}],"collection":[{"href":"https:\/\/bct.cat\/ca\/wp-json\/wp\/v2\/pages"}],"about":[{"href":"https:\/\/bct.cat\/ca\/wp-json\/wp\/v2\/types\/page"}],"author":[{"embeddable":true,"href":"https:\/\/bct.cat\/ca\/wp-json\/wp\/v2\/users\/1"}],"replies":[{"embeddable":true,"href":"https:\/\/bct.cat\/ca\/wp-json\/wp\/v2\/comments?post=2343"}],"version-history":[{"count":4,"href":"https:\/\/bct.cat\/ca\/wp-json\/wp\/v2\/pages\/2343\/revisions"}],"predecessor-version":[{"id":2347,"href":"https:\/\/bct.cat\/ca\/wp-json\/wp\/v2\/pages\/2343\/revisions\/2347"}],"wp:attachment":[{"href":"https:\/\/bct.cat\/ca\/wp-json\/wp\/v2\/media?parent=2343"}],"curies":[{"name":"wp","href":"https:\/\/api.w.org\/{rel}","templated":true}]}}